{"id":1273,"date":"2026-01-14T22:06:09","date_gmt":"2026-01-14T21:06:09","guid":{"rendered":"https:\/\/powerpoint.co.at\/?page_id=1273"},"modified":"2026-03-12T14:09:31","modified_gmt":"2026-03-12T13:09:31","slug":"rebrand-statseite","status":"publish","type":"page","link":"https:\/\/powerpoint.co.at\/","title":{"rendered":"Startseite"},"content":{"rendered":"<h1>\n<p>Training, Gesundheit &amp; Therapie.<\/p>\n<\/h1>\n<div>\n<p>Bei uns findest du mehr als nur ein Fitnessstudio. Wir verbinden professionelles Training mit physiotherapeutischer Kompetenz und ern\u00e4hrungsbezogener Beratung. So begleiten wir dich ganzheitlich auf deinem Weg zu mehr Kraft, Beweglichkeit und langfristiger Gesundheit \u2013 pers\u00f6nlich, fundiert und in einer vertrauten Atmosph\u00e4re.<\/p>\n<\/div>\n<p>\n    <a href=\"\/index.php?page_id=1289\">Jetzt Probetraining buchen<\/a>\n<\/p>\n<p><img decoding=\"async\" src=\"\/wp-content\/uploads\/2026\/01\/IMG_6927-scaled-e1768386334420.jpeg\" alt=\"\"><\/p>\n<h1>\n<h2>Unsere Leistungen<\/h2>\n<\/h1>\n<div>\n<p>Alles, was du f\u00fcr einen nachhaltigen Lebensstil brauchst.<\/p>\n<\/div>\n<ul>\n<li>\n<p><img decoding=\"async\" src=\"\/wp-content\/uploads\/2026\/01\/D818670-e1765719578628.jpg\" alt=\"\"><\/p>\n<h3>Trainingsfl\u00e4che<\/h3>\n<div>\n<p>Individuelles Training in ruhiger Atmosph\u00e4re \u2013 betreut und zielgerichtet.<\/p>\n<\/div>\n<\/li>\n<li>\n<p><img decoding=\"async\" src=\"\/wp-content\/uploads\/2026\/01\/gruppenkurse.jpeg\" alt=\"\"><\/p>\n<h3>Gruppenkurse<\/h3>\n<div>\n<p>Lass dich von unseren Members motivieren.<\/p>\n<\/div>\n<\/li>\n<li>\n<p><img decoding=\"async\" src=\"\/wp-content\/uploads\/2026\/01\/eltern.jpg\" alt=\"\"><\/p>\n<h3>Physiotherapie<\/h3>\n<div>\n<p>Wahlphysiotherapie mit \u00e4rztlicher \u00dcberweisung<\/p>\n<\/div>\n<\/li>\n<li>\n<p><img decoding=\"async\" src=\"\/wp-content\/uploads\/2026\/01\/img_6542.jpg\" alt=\"\"><\/p>\n<h3>Ern\u00e4hrungsberatung<\/h3>\n<div>\n<p>Finde deinen Weg zu einer bedarfsgerechten Ern\u00e4hrung.<\/p>\n<\/div>\n<\/li>\n<li>\n<p><img decoding=\"async\" src=\"\/wp-content\/uploads\/2026\/01\/img_6547.jpg\" alt=\"\"><\/p>\n<h3>Massage<\/h3>\n<div>\n<p>Heilmassage mit \u00e4rztlicher \u00dcberweisung oder gewerbliche Massage um dein Wohlbefinden zu unterst\u00fctzen.<\/p>\n<\/div>\n<\/li>\n<\/ul>\n<p>\n    <a href=\"\/index.php?page_id=1275\">Alle Leistungen ansehen<\/a>\n<\/p>\n<h1>\n<h2>Unsere Kurse<\/h2>\n<\/h1>\n<ul>\n<li>\n<h3>Pilates<\/h3>\n<div>\n<p><span>Kr\u00e4ftigung der Tiefenmuskulatur durch \u00dcbungen sowohl mit K\u00f6rpereigengewicht als auch Hilfsmitteln inklusiver anschlie\u00dfender Stretching-Einheit.<\/span><\/p>\n<\/div>\n<\/li>\n<li>\n<h3>Yoga<\/h3>\n<div>\n<p><span>Hier erwarten dich Entspannungs- sowie Kraftsequenzen, die das allgemeine Wohlbefinden und das K\u00f6rpergef\u00fchl verbessern.<\/span><\/p>\n<\/div>\n<\/li>\n<li>\n<h3>Cardio Mix<\/h3>\n<div>\n<p><span>Mit schwungvoller Musik und einfachen Schrittfolgen wird in dieser Einheit dein Herz-Kreislauf-System mit mittlerer Intensit\u00e4t trainiert.<\/span><\/p>\n<\/div>\n<\/li>\n<\/ul>\n<div>\n<h6>..und noch viele mehr!<\/h6>\n<\/div>\n<p>\n    <a href=\"\/index.php?page_id=812\">Gesamten Kursplan ansehen<\/a>\n<\/p>\n<h1>\n<h2>Warum Wir?<\/h2>\n<\/h1>\n<ul>\n<li>\n<p><img decoding=\"async\" src=\"\/wp-content\/uploads\/2025\/12\/school_40dp_2D2D2D_FILL0_wght400_GRAD0_opsz40.svg\" alt=\"\"><\/p>\n<h3>gepr\u00fcfte qualit\u00e4t<\/h3>\n<div>\n<p><span>Als professionelle TrainerInnen bilden wir uns stets fort. Die Wissenschaft entwickelt sich in den Themen Sport, Gesundheit und Ern\u00e4hrung t\u00e4glich weiter. Uns ist es wichtig, qualitative und wissenschaftlich-fundierte Beratungen zu geben.\u00a0<\/span><\/p>\n<\/div>\n<\/li>\n<li>\n<p><img decoding=\"async\" src=\"\/wp-content\/uploads\/2025\/12\/health_metrics_40dp_2D2D2D_FILL0_wght400_GRAD0_opsz40.svg\" alt=\"\"><\/p>\n<h3>ganzheitlicher ansatz<\/h3>\n<div>\n<p><span>Ein gesunder Lebensstil beinhaltet nicht nur Krafttraining, sondern auch diverse andere Diszipline wie Ausdauertraining, eine bedarfsgerechte Ern\u00e4hrung und Entspannung. Durch unser umfangreiches Men\u00fc an Dienstleistungen finden wir gemeinsam deinen individuellen Weg zu einem besseren Ich.\u00a0<\/span><\/p>\n<\/div>\n<\/li>\n<li>\n<p><img decoding=\"async\" src=\"\/wp-content\/uploads\/2025\/12\/diversity_3_40dp_2D2D2D_FILL0_wght400_GRAD0_opsz40.svg\" alt=\"\"><\/p>\n<h3>famili\u00e4re atmosph\u00e4re<\/h3>\n<div>\n<p><span>Als Familienunternehmen setzen wir besonders viel Wert auf eine angenehme Atmosph\u00e4re w\u00e4hrend dem Training. Unser Klientel setzt sich aus allen Altersgruppen und allen Fitness- und Gesundheitszielen zusammen.<\/span><\/p>\n<\/div>\n<\/li>\n<\/ul>\n<h1>\n<p>Kostenloses Probetraining vereinbaren<\/p>\n<\/h1>\n<div>\n<p>Lerne unser Studio in Ruhe kennen und lass dich pers\u00f6nlich von einem Coach beraten.<\/p>\n<\/div>\n<p>\n    <a href=\"\/index.php?page_id=1289\">Jetzt Probetraining buchen<\/a>\n<\/p>\n<p><!--more--><br \/>\n<!-- {\"type\":\"layout\",\"children\":[{\"type\":\"section\",\"props\":{\"css\":\"hero-mobile-fix\",\"header_transparent\":false,\"height_offset_top\":true,\"height_viewport\":100,\"image_position\":\"center-center\",\"overlap\":false,\"padding\":\"xsmall\",\"padding_remove_bottom\":false,\"padding_remove_top\":false,\"style\":\"default\",\"title_breakpoint\":\"xl\",\"title_position\":\"top-left\",\"title_rotation\":\"left\",\"vertical_align\":\"middle\",\"width\":\"default\"},\"children\":[{\"type\":\"row\",\"children\":[{\"type\":\"column\",\"props\":{\"image_position\":\"center-center\",\"order_first\":\"xs\",\"position_sticky_breakpoint\":\"m\",\"width_medium\":\"1-2\",\"width_small\":\"auto\"},\"children\":[{\"type\":\"headline\",\"props\":{\"blend\":false,\"content\":\"\n\n<p>Training, Gesundheit &amp; Therapie.<\\\/p>\",\"margin\":\"small\",\"margin_remove_bottom\":false,\"margin_remove_top\":true,\"title_element\":\"h1\",\"title_font_family\":\"primary\",\"title_style\":\"h1\"}},{\"type\":\"text\",\"props\":{\"column_breakpoint\":\"m\",\"content\":\"\n\n<p>Bei uns findest du mehr als nur ein Fitnessstudio. Wir verbinden professionelles Training mit physiotherapeutischer Kompetenz und ern\\u00e4hrungsbezogener Beratung. So begleiten wir dich ganzheitlich auf deinem Weg zu mehr Kraft, Beweglichkeit und langfristiger Gesundheit \\u2013 pers\\u00f6nlich, fundiert und in einer vertrauten Atmosph\\u00e4re.<\\\/p>\",\"margin\":\"default\"}},{\"type\":\"button\",\"props\":{\"fullwidth\":true,\"grid_column_gap\":\"small\",\"grid_row_gap\":\"small\",\"margin\":\"default\"},\"children\":[{\"type\":\"button_item\",\"props\":{\"button_style\":\"primary\",\"content\":\"Jetzt Probetraining buchen\",\"icon_align\":\"left\",\"link\":\"index.php?page_id=1289\",\"link_title\":\"Jetzt Probetraining buchen\"}}]}]},{\"type\":\"column\",\"props\":{\"image_position\":\"center-center\",\"position_sticky_breakpoint\":\"m\",\"width_default\":\"1-2\",\"width_medium\":\"1-2\"},\"children\":[{\"type\":\"image\",\"props\":{\"image\":\"wp-content\\\/uploads\\\/2026\\\/01\\\/IMG_6927-scaled-e1768386334420.jpeg\",\"image_border\":\"rounded\",\"image_svg_color\":\"emphasis\",\"image_width\":500,\"margin\":\"default\",\"margin_remove_bottom\":false,\"margin_remove_top\":true}}]}],\"props\":{\"layout\":\"1-2,1-2\",\"margin\":\"small\",\"margin_remove_bottom\":false,\"margin_remove_top\":false}}]},{\"type\":\"section\",\"props\":{\"image_position\":\"center-center\",\"padding_remove_bottom\":false,\"padding_remove_top\":true,\"style\":\"muted\",\"title_breakpoint\":\"xl\",\"title_position\":\"top-left\",\"title_rotation\":\"left\",\"vertical_align\":\"middle\",\"width\":\"default\"},\"children\":[{\"type\":\"row\",\"children\":[{\"type\":\"column\",\"props\":{\"image_position\":\"center-center\",\"position_sticky_breakpoint\":\"m\"},\"children\":[{\"type\":\"headline\",\"props\":{\"content\":\"\n\n<h2>Unsere Leistungen<\\\/h2>\",\"title_element\":\"h1\"}},{\"type\":\"text\",\"props\":{\"column_breakpoint\":\"m\",\"content\":\"\n\n<p>Alles, was du f\\u00fcr einen nachhaltigen Lebensstil brauchst.<\\\/p>\",\"margin\":\"default\"}},{\"type\":\"panel-slider\",\"props\":{\"content_column_breakpoint\":\"m\",\"content_margin\":\"small\",\"icon_width\":80,\"image_align\":\"top\",\"image_border\":\"rounded\",\"image_grid_breakpoint\":\"m\",\"image_grid_width\":\"1-2\",\"image_svg_color\":\"emphasis\",\"link_style\":\"default\",\"link_text\":\"Read more\",\"margin\":\"default\",\"meta_align\":\"below-title\",\"meta_element\":\"div\",\"meta_style\":\"text-meta\",\"nav\":\"dotnav\",\"nav_align\":\"center\",\"nav_breakpoint\":\"\",\"nav_margin\":\"small\",\"panel_card_offset\":false,\"panel_image_no_padding\":false,\"panel_match\":true,\"show_content\":true,\"show_image\":true,\"show_link\":true,\"show_meta\":true,\"show_title\":true,\"slidenav\":\"outside\",\"slidenav_breakpoint\":\"xl\",\"slidenav_margin\":\"small\",\"slidenav_outside_breakpoint\":\"xl\",\"slider_autoplay\":true,\"slider_autoplay_pause\":true,\"slider_center\":false,\"slider_divider\":false,\"slider_gap\":\"default\",\"slider_sets\":false,\"slider_velocity\":\"0.2\",\"slider_width\":\"fixed\",\"slider_width_default\":\"1-1\",\"slider_width_medium\":\"1-3\",\"title_align\":\"top\",\"title_element\":\"h3\",\"title_font_family\":\"secondary\",\"title_grid_breakpoint\":\"m\",\"title_grid_width\":\"1-2\",\"title_hover_style\":\"reset\",\"title_margin\":\"small\",\"title_style\":\"h3\"},\"children\":[{\"type\":\"panel-slider_item\",\"props\":{\"content\":\"\n\n<p>Individuelles Training in ruhiger Atmosph\\u00e4re \\u2013 betreut und zielgerichtet.<\\\/p>\",\"image\":\"wp-content\\\/uploads\\\/2026\\\/01\\\/D818670-e1765719578628.jpg\",\"title\":\"Trainingsfl\\u00e4che\"}},{\"type\":\"panel-slider_item\",\"props\":{\"content\":\"\n\n<p>Lass dich von unseren Members motivieren.<\\\/p>\",\"image\":\"wp-content\\\/uploads\\\/2026\\\/01\\\/gruppenkurse.jpeg\",\"title\":\"Gruppenkurse\"}},{\"type\":\"panel-slider_item\",\"props\":{\"content\":\"\n\n<p>Wahlphysiotherapie mit \\u00e4rztlicher \\u00dcberweisung<\\\/p>\",\"image\":\"wp-content\\\/uploads\\\/2026\\\/01\\\/eltern.jpg\",\"title\":\"Physiotherapie\"}},{\"type\":\"panel-slider_item\",\"props\":{\"content\":\"\n\n<p>Finde deinen Weg zu einer bedarfsgerechten Ern\\u00e4hrung.<\\\/p>\",\"image\":\"wp-content\\\/uploads\\\/2026\\\/01\\\/img_6542.jpg\",\"title\":\"Ern\\u00e4hrungsberatung\"}},{\"type\":\"panel-slider_item\",\"props\":{\"content\":\"\n\n<p>Heilmassage mit \\u00e4rztlicher \\u00dcberweisung oder gewerbliche Massage um dein Wohlbefinden zu unterst\\u00fctzen.<\\\/p>\",\"image\":\"wp-content\\\/uploads\\\/2026\\\/01\\\/img_6547.jpg\",\"title\":\"Massage\"}}]},{\"type\":\"button\",\"props\":{\"fullwidth\":true,\"grid_column_gap\":\"collapse\",\"grid_row_gap\":\"collapse\",\"margin\":\"remove-vertical\",\"margin_remove_bottom\":true,\"margin_remove_top\":true},\"children\":[{\"type\":\"button_item\",\"props\":{\"button_style\":\"secondary\",\"content\":\"Alle Leistungen ansehen\",\"icon_align\":\"left\",\"link\":\"index.php?page_id=1275\",\"link_title\":\"Alle Leistungen ansehen\"}}]}]}]}]},{\"type\":\"section\",\"props\":{\"image_position\":\"center-center\",\"padding_remove_bottom\":false,\"padding_remove_top\":true,\"style\":\"default\",\"title_breakpoint\":\"xl\",\"title_position\":\"top-left\",\"title_rotation\":\"left\",\"vertical_align\":\"middle\",\"width\":\"default\"},\"children\":[{\"type\":\"row\",\"children\":[{\"type\":\"column\",\"props\":{\"image_position\":\"center-center\",\"position_sticky_breakpoint\":\"m\"},\"children\":[{\"type\":\"headline\",\"props\":{\"content\":\"\n\n<h2>Unsere Kurse<\\\/h2>\",\"title_element\":\"h1\"}},{\"type\":\"grid\",\"props\":{\"content_column_breakpoint\":\"m\",\"filter_align\":\"left\",\"filter_all\":true,\"filter_grid_breakpoint\":\"m\",\"filter_grid_width\":\"auto\",\"filter_position\":\"top\",\"filter_style\":\"tab\",\"grid_column_align\":false,\"grid_column_gap\":\"small\",\"grid_default\":\"1\",\"grid_medium\":\"3\",\"grid_row_gap\":\"small\",\"icon_width\":80,\"image_align\":\"top\",\"image_grid_breakpoint\":\"m\",\"image_grid_width\":\"1-2\",\"image_svg_color\":\"emphasis\",\"item_animation\":true,\"link_style\":\"default\",\"link_text\":\"Read more\",\"margin\":\"default\",\"meta_align\":\"below-title\",\"meta_element\":\"div\",\"meta_style\":\"text-meta\",\"panel_padding\":\"small\",\"show_content\":true,\"show_image\":true,\"show_link\":true,\"show_meta\":true,\"show_title\":true,\"title_align\":\"top\",\"title_element\":\"h3\",\"title_grid_breakpoint\":\"m\",\"title_grid_width\":\"1-2\",\"title_hover_style\":\"reset\"},\"children\":[{\"type\":\"grid_item\",\"props\":{\"content\":\"\n\n<p><span>Kr\\u00e4ftigung der Tiefenmuskulatur durch \\u00dcbungen sowohl mit K\\u00f6rpereigengewicht als auch Hilfsmitteln inklusiver anschlie\\u00dfender Stretching-Einheit.<\\\/span><\\\/p>\",\"panel_style\":\"card-default\",\"title\":\"Pilates\"}},{\"type\":\"grid_item\",\"props\":{\"content\":\"\n\n<p><span>Hier erwarten dich Entspannungs- sowie Kraftsequenzen, die das allgemeine Wohlbefinden und das K\\u00f6rpergef\\u00fchl verbessern.<\\\/span><\\\/p>\",\"panel_style\":\"card-default\",\"title\":\"Yoga\"}},{\"type\":\"grid_item\",\"props\":{\"content\":\"\n\n<p><span>Mit schwungvoller Musik und einfachen Schrittfolgen wird in dieser Einheit dein Herz-Kreislauf-System mit mittlerer Intensit\\u00e4t trainiert.<\\\/span><\\\/p>\",\"panel_style\":\"card-default\",\"title\":\"Cardio Mix\"}}]},{\"type\":\"text\",\"props\":{\"column_breakpoint\":\"m\",\"content\":\"\n\n<h6>..und noch viele mehr!<\\\/h6>\",\"margin\":\"default\"}},{\"type\":\"button\",\"props\":{\"blend\":false,\"fullwidth\":true,\"grid_column_gap\":\"small\",\"grid_row_gap\":\"small\",\"margin\":\"remove-vertical\",\"margin_remove_bottom\":false,\"margin_remove_top\":false,\"position\":\"relative\"},\"children\":[{\"type\":\"button_item\",\"props\":{\"button_style\":\"primary\",\"content\":\"Gesamten Kursplan ansehen\",\"icon_align\":\"left\",\"link\":\"index.php?page_id=812\",\"link_title\":\"gesamten kursplan ansehen\"}}]}]}]}]},{\"type\":\"section\",\"props\":{\"image_position\":\"center-center\",\"padding_remove_top\":true,\"style\":\"muted\",\"title_breakpoint\":\"xl\",\"title_position\":\"top-left\",\"title_rotation\":\"left\",\"vertical_align\":\"middle\",\"width\":\"default\"},\"children\":[{\"type\":\"row\",\"children\":[{\"type\":\"column\",\"props\":{\"image_position\":\"center-center\",\"position_sticky_breakpoint\":\"m\"},\"children\":[{\"type\":\"headline\",\"props\":{\"content\":\"\n\n<h2>Warum Wir?<\\\/h2>\",\"title_element\":\"h1\"}},{\"type\":\"grid\",\"props\":{\"content_align\":true,\"content_column_breakpoint\":\"m\",\"content_margin\":\"small\",\"filter_align\":\"left\",\"filter_all\":true,\"filter_grid_breakpoint\":\"m\",\"filter_grid_width\":\"auto\",\"filter_position\":\"top\",\"filter_style\":\"tab\",\"grid_column_align\":false,\"grid_column_gap\":\"small\",\"grid_default\":\"1\",\"grid_divider\":false,\"grid_medium\":\"1\",\"grid_row_align\":false,\"icon_width\":80,\"image_align\":\"top\",\"image_grid_breakpoint\":\"m\",\"image_grid_width\":\"1-5\",\"image_svg_color\":\"emphasis\",\"image_vertical_align\":false,\"item_animation\":true,\"link_style\":\"default\",\"link_text\":\"Read more\",\"margin\":\"default\",\"meta_align\":\"above-title\",\"meta_element\":\"div\",\"meta_margin\":\"remove\",\"meta_style\":\"text-meta\",\"show_content\":true,\"show_image\":true,\"show_link\":true,\"show_meta\":true,\"show_title\":true,\"title_align\":\"top\",\"title_element\":\"h3\",\"title_grid_breakpoint\":\"m\",\"title_grid_width\":\"1-2\",\"title_hover_style\":\"reset\",\"title_margin\":\"small\",\"title_style\":\"h3\"},\"children\":[{\"type\":\"grid_item\",\"props\":{\"content\":\"\n\n<p><span>Als professionelle TrainerInnen bilden wir uns stets fort. Die Wissenschaft entwickelt sich in den Themen Sport, Gesundheit und Ern\\u00e4hrung t\\u00e4glich weiter. Uns ist es wichtig, qualitative und wissenschaftlich-fundierte Beratungen zu geben.\\u00a0<\\\/span><\\\/p>\",\"image\":\"wp-content\\\/uploads\\\/2025\\\/12\\\/school_40dp_2D2D2D_FILL0_wght400_GRAD0_opsz40.svg\",\"title\":\"gepr\\u00fcfte qualit\\u00e4t\"}},{\"type\":\"grid_item\",\"props\":{\"content\":\"\n\n<p><span>Ein gesunder Lebensstil beinhaltet nicht nur Krafttraining, sondern auch diverse andere Diszipline wie Ausdauertraining, eine bedarfsgerechte Ern\\u00e4hrung und Entspannung. Durch unser umfangreiches Men\\u00fc an Dienstleistungen finden wir gemeinsam deinen individuellen Weg zu einem besseren Ich.\\u00a0<\\\/span><\\\/p>\",\"image\":\"wp-content\\\/uploads\\\/2025\\\/12\\\/health_metrics_40dp_2D2D2D_FILL0_wght400_GRAD0_opsz40.svg\",\"title\":\"ganzheitlicher ansatz\"}},{\"type\":\"grid_item\",\"props\":{\"content\":\"\n\n<p><span>Als Familienunternehmen setzen wir besonders viel Wert auf eine angenehme Atmosph\\u00e4re w\\u00e4hrend dem Training. Unser Klientel setzt sich aus allen Altersgruppen und allen Fitness- und Gesundheitszielen zusammen.<\\\/span><\\\/p>\",\"image\":\"wp-content\\\/uploads\\\/2025\\\/12\\\/diversity_3_40dp_2D2D2D_FILL0_wght400_GRAD0_opsz40.svg\",\"title\":\"famili\\u00e4re atmosph\\u00e4re\"}}]}]}]}]},{\"type\":\"section\",\"props\":{\"image_position\":\"center-center\",\"padding_remove_top\":false,\"preserve_color\":true,\"style\":\"primary\",\"title_breakpoint\":\"xl\",\"title_position\":\"top-left\",\"title_rotation\":\"left\",\"vertical_align\":\"middle\",\"width\":\"default\"},\"children\":[{\"type\":\"row\",\"children\":[{\"type\":\"column\",\"props\":{\"image_position\":\"center-center\",\"position_sticky_breakpoint\":\"m\"},\"children\":[{\"type\":\"headline\",\"props\":{\"content\":\"\n\n<p>Kostenloses Probetraining vereinbaren<\\\/p>\",\"margin\":\"small\",\"margin_remove_bottom\":true,\"margin_remove_top\":false,\"title_element\":\"h1\",\"title_style\":\"h2\"}},{\"type\":\"text\",\"props\":{\"column_breakpoint\":\"m\",\"content\":\"\n\n<p>Lerne unser Studio in Ruhe kennen und lass dich pers\\u00f6nlich von einem Coach beraten.<\\\/p>\",\"margin\":\"small\",\"margin_remove_top\":true,\"text_color\":\"emphasis\",\"text_style\":\"large\"}},{\"type\":\"button\",\"props\":{\"fullwidth\":true,\"grid_column_gap\":\"small\",\"grid_row_gap\":\"small\",\"margin\":\"default\"},\"children\":[{\"type\":\"button_item\",\"props\":{\"button_style\":\"default\",\"content\":\"Jetzt Probetraining buchen\",\"icon_align\":\"left\",\"link\":\"index.php?page_id=1289\",\"link_title\":\"Jetzt Probetraining buchen\"}}]}]}]}]}],\"version\":\"4.4.12\"} --><\/p>\n","protected":false},"excerpt":{"rendered":"<p>Training, Gesundheit &amp; Therapie. Bei uns findest du mehr als nur ein Fitnessstudio. Wir verbinden professionelles Training mit physiotherapeutischer Kompetenz und ern\u00e4hrungsbezogener Beratung. So begleiten wir dich ganzheitlich auf deinem Weg zu mehr Kraft, Beweglichkeit und langfristiger Gesundheit \u2013 pers\u00f6nlich, fundiert und in einer vertrauten Atmosph\u00e4re. Jetzt Probetraining buchen Unsere Leistungen Alles, was du f\u00fcr [&hellip;]<\/p>\n","protected":false},"author":3,"featured_media":0,"parent":0,"menu_order":0,"comment_status":"closed","ping_status":"closed","template":"","meta":{"footnotes":""},"class_list":["post-1273","page","type-page","status-publish","hentry"],"_links":{"self":[{"href":"https:\/\/powerpoint.co.at\/index.php?rest_route=\/wp\/v2\/pages\/1273","targetHints":{"allow":["GET"]}}],"collection":[{"href":"https:\/\/powerpoint.co.at\/index.php?rest_route=\/wp\/v2\/pages"}],"about":[{"href":"https:\/\/powerpoint.co.at\/index.php?rest_route=\/wp\/v2\/types\/page"}],"author":[{"embeddable":true,"href":"https:\/\/powerpoint.co.at\/index.php?rest_route=\/wp\/v2\/users\/3"}],"replies":[{"embeddable":true,"href":"https:\/\/powerpoint.co.at\/index.php?rest_route=%2Fwp%2Fv2%2Fcomments&post=1273"}],"version-history":[{"count":26,"href":"https:\/\/powerpoint.co.at\/index.php?rest_route=\/wp\/v2\/pages\/1273\/revisions"}],"predecessor-version":[{"id":1499,"href":"https:\/\/powerpoint.co.at\/index.php?rest_route=\/wp\/v2\/pages\/1273\/revisions\/1499"}],"wp:attachment":[{"href":"https:\/\/powerpoint.co.at\/index.php?rest_route=%2Fwp%2Fv2%2Fmedia&parent=1273"}],"curies":[{"name":"wp","href":"https:\/\/api.w.org\/{rel}","templated":true}]}}