{"id":1285,"date":"2026-01-14T22:09:47","date_gmt":"2026-01-14T21:09:47","guid":{"rendered":"https:\/\/powerpoint.co.at\/?page_id=1285"},"modified":"2026-03-12T14:09:38","modified_gmt":"2026-03-12T13:09:38","slug":"rebrand-team","status":"publish","type":"page","link":"https:\/\/powerpoint.co.at\/?page_id=1285","title":{"rendered":"Team"},"content":{"rendered":"<h1>\n<p>Lerne dein team kennen<\/p>\n<\/h1>\n<div>\n<p>Unser Team begleitet dich mit Fachwissen, Erfahrung und pers\u00f6nlicher Betreuung auf deinem Weg zu mehr Gesundheit und Leistungsf\u00e4higkeit.<\/p>\n<\/div>\n<ul>\n<li>\n<p><img decoding=\"async\" src=\"\/wp-content\/uploads\/2026\/01\/img_6526.jpg\" alt=\"\"><\/p>\n<h3>Michi<\/h3>\n<div>\n<p class=\"el-meta uk-text-meta uk-text-success uk-margin-top\">Inhaber<\/p>\n<div class=\"el-content uk-panel uk-margin-small-top\">\n<p><em>Es gibt nichts Gutes, au\u00dfer man tut es.\u00a0<\/em><\/p>\n<ul>\n<li>Physiotherapeut<\/li>\n<li>BA Gesundheitsmanagement<\/li>\n<li>medizinischer Heilmasseur<\/li>\n<li>Ausbildung der Osteopathie<\/li>\n<li>Lehrer f\u00fcr Fitness &amp; Rehabilitation<\/li>\n<\/ul>\n<\/div>\n<\/div>\n<\/li>\n<li>\n<p><img decoding=\"async\" src=\"\/wp-content\/uploads\/2026\/01\/img_6523.jpg\" alt=\"\"><\/p>\n<h3>Uschi<\/h3>\n<div>\n<div class=\"el-meta uk-text-meta uk-text-success uk-margin-top\">Inhaberin<\/div>\n<div class=\"el-content uk-panel uk-margin-small-top\">\n<p><em>Fit sein ist kein Ziel, sondern ein Lebensstil.\u00a0<\/em><\/p>\n<ul>\n<li>Physiotherapeutin<\/li>\n<li>MA Pr\u00e4vention und Gesundheitsmanagement<\/li>\n<li>BA Gesundheitsmanagement<\/li>\n<li>BA Ern\u00e4hrungsberatung<\/li>\n<li>medizinische Heilmasseurin<\/li>\n<li>Gruppen-Trainerin<\/li>\n<\/ul>\n<\/div>\n<\/div>\n<\/li>\n<li>\n<p><img decoding=\"async\" src=\"\/wp-content\/uploads\/2026\/01\/img_6521.jpg\" alt=\"\"><\/p>\n<h3>Mischi<\/h3>\n<div>\n<p><em>Ich sage dir nicht, dass es leicht wird. Ich sage dir, dass es sich lohnen wird.\u00a0<\/em><\/p>\n<ul>\n<li>Fitnesscoach<\/li>\n<li>Rehatrainerin<\/li>\n<li>Gesundheitstrainerin<\/li>\n<li>Cardiotrainerin<\/li>\n<li>Trainerin f\u00fcr Leistungssport<\/li>\n<li>BA Fitnesstraining in Ausbildung (DHfPG)<\/li>\n<\/ul>\n<\/div>\n<\/li>\n<li>\n<p><img decoding=\"async\" src=\"\/wp-content\/uploads\/2026\/01\/img_6515.jpg\" alt=\"\"><\/p>\n<h3>Stella<\/h3>\n<div>\n<p><em>Ein gesundes \u00c4u\u00dferes beginnt im Inneren.<\/em><\/p>\n<ul>\n<li>BA Ern\u00e4hrungsberatung<\/li>\n<li>Yoga Trainerin<\/li>\n<li>Ern\u00e4hrungscoach<\/li>\n<li>Fitnesscoach<\/li>\n<li>MA Pr\u00e4vention und Gesundheitsmanagement in Ausbildung (DHfPG)<\/li>\n<li>BSc Psychologie in Ausbildung (AAU)<\/li>\n<\/ul>\n<\/div>\n<\/li>\n<li>\n<p><img decoding=\"async\" src=\"\/wp-content\/uploads\/2026\/01\/matth-2i-scaled-1.jpg\" alt=\"\"><\/p>\n<h3>Matthi<\/h3>\n<div>\n<p><em>Dein Erfolg ist mein Antrieb.<\/em><\/p>\n<ul>\n<li>BSc Physiotherapie in Ausbildung (FH K\u00e4rnten)<\/li>\n<li>Fitnesstrainer B-Lizenz<\/li>\n<\/ul>\n<\/div>\n<\/li>\n<\/ul>\n<p><!--more--><br \/>\n<!-- {\"type\":\"layout\",\"children\":[{\"type\":\"section\",\"props\":{\"image_position\":\"center-center\",\"padding\":\"xsmall\",\"padding_remove_top\":false,\"style\":\"default\",\"title_breakpoint\":\"xl\",\"title_position\":\"top-left\",\"title_rotation\":\"left\",\"vertical_align\":\"middle\",\"width\":\"default\"},\"children\":[{\"type\":\"row\",\"children\":[{\"type\":\"column\",\"props\":{\"image_position\":\"center-center\",\"position_sticky_breakpoint\":\"m\"},\"children\":[{\"type\":\"headline\",\"props\":{\"content\":\"\n\n<p>Lerne dein team kennen<\\\/p>\",\"title_element\":\"h1\",\"title_font_family\":\"primary\",\"title_style\":\"h1\"}},{\"type\":\"text\",\"props\":{\"column_breakpoint\":\"m\",\"content\":\"\n\n<p>Unser Team begleitet dich mit Fachwissen, Erfahrung und pers\\u00f6nlicher Betreuung auf deinem Weg zu mehr Gesundheit und Leistungsf\\u00e4higkeit.<\\\/p>\",\"margin\":\"default\"}},{\"type\":\"grid\",\"props\":{\"content_column_breakpoint\":\"m\",\"filter_align\":\"left\",\"filter_all\":true,\"filter_grid_breakpoint\":\"m\",\"filter_grid_width\":\"auto\",\"filter_position\":\"top\",\"filter_style\":\"tab\",\"grid_default\":\"1\",\"grid_medium\":\"3\",\"icon_width\":80,\"image_align\":\"top\",\"image_border\":\"rounded\",\"image_grid_breakpoint\":\"m\",\"image_grid_width\":\"1-2\",\"image_svg_color\":\"emphasis\",\"item_animation\":true,\"item_maxwidth\":\"large\",\"link_fullwidth\":false,\"link_style\":\"default\",\"link_target\":true,\"link_text\":\"\",\"margin\":\"small\",\"margin_remove_top\":false,\"meta_align\":\"below-title\",\"meta_element\":\"div\",\"meta_style\":\"text-meta\",\"panel_padding\":\"small\",\"show_content\":true,\"show_image\":true,\"show_link\":true,\"show_meta\":true,\"show_title\":true,\"title_align\":\"top\",\"title_element\":\"h3\",\"title_grid_breakpoint\":\"m\",\"title_grid_width\":\"1-2\",\"title_hover_style\":\"reset\"},\"children\":[{\"type\":\"grid_item\",\"props\":{\"content\":\"\n\n<p class=\\\"el-meta uk-text-meta uk-text-success uk-margin-top\\\">Inhaber<\\\/p>\\n\n\n<div class=\\\"el-content uk-panel uk-margin-small-top\\\">\\n\n\n<p><em>Es gibt nichts Gutes, au\\u00dfer man tut es.\\u00a0<\\\/em><\\\/p>\\n\n\n<ul>\\n\n\n<li>Physiotherapeut<\\\/li>\\n\n\n<li>BA Gesundheitsmanagement<\\\/li>\\n\n\n<li>medizinischer Heilmasseur<\\\/li>\\n\n\n<li>Ausbildung der Osteopathie<\\\/li>\\n\n\n<li>Lehrer f\\u00fcr Fitness &amp; Rehabilitation<\\\/li>\\n<\\\/ul>\\n<\\\/div>\",\"image\":\"wp-content\\\/uploads\\\/2026\\\/01\\\/img_6526.jpg\",\"meta\":\"\",\"panel_style\":\"card-default\",\"title\":\"Michi\"}},{\"type\":\"grid_item\",\"props\":{\"content\":\"\n\n<div class=\\\"el-meta uk-text-meta uk-text-success uk-margin-top\\\">Inhaberin<\\\/div>\\n\n\n<div class=\\\"el-content uk-panel uk-margin-small-top\\\">\\n\n\n<p><em>Fit sein ist kein Ziel, sondern ein Lebensstil.\\u00a0<\\\/em><\\\/p>\\n\n\n<ul>\\n\n\n<li>Physiotherapeutin<\\\/li>\\n\n\n<li>MA Pr\\u00e4vention und Gesundheitsmanagement<\\\/li>\\n\n\n<li>BA Gesundheitsmanagement<\\\/li>\\n\n\n<li>BA Ern\\u00e4hrungsberatung<\\\/li>\\n\n\n<li>medizinische Heilmasseurin<\\\/li>\\n\n\n<li>Gruppen-Trainerin<\\\/li>\\n<\\\/ul>\\n<\\\/div>\",\"image\":\"wp-content\\\/uploads\\\/2026\\\/01\\\/img_6523.jpg\",\"panel_style\":\"card-default\",\"title\":\"Uschi\"}},{\"type\":\"grid_item\",\"props\":{\"content\":\"\n\n<p><em>Ich sage dir nicht, dass es leicht wird. Ich sage dir, dass es sich lohnen wird.\\u00a0<\\\/em><\\\/p>\\n\n\n<ul>\\n\n\n<li>Fitnesscoach<\\\/li>\\n\n\n<li>Rehatrainerin<\\\/li>\\n\n\n<li>Gesundheitstrainerin<\\\/li>\\n\n\n<li>Cardiotrainerin<\\\/li>\\n\n\n<li>Trainerin f\\u00fcr Leistungssport<\\\/li>\\n\n\n<li>BA Fitnesstraining in Ausbildung (DHfPG)<\\\/li>\\n<\\\/ul>\",\"image\":\"wp-content\\\/uploads\\\/2026\\\/01\\\/img_6521.jpg\",\"panel_style\":\"card-default\",\"title\":\"Mischi\"}},{\"type\":\"grid_item\",\"props\":{\"content\":\"\n\n<p><em>Ein gesundes \\u00c4u\\u00dferes beginnt im Inneren.<\\\/em><\\\/p>\\n\n\n<ul>\\n\n\n<li>BA Ern\\u00e4hrungsberatung<\\\/li>\\n\n\n<li>Yoga Trainerin<\\\/li>\\n\n\n<li>Ern\\u00e4hrungscoach<\\\/li>\\n\n\n<li>Fitnesscoach<\\\/li>\\n\n\n<li>MA Pr\\u00e4vention und Gesundheitsmanagement in Ausbildung (DHfPG)<\\\/li>\\n\n\n<li>BSc Psychologie in Ausbildung (AAU)<\\\/li>\\n<\\\/ul>\",\"image\":\"wp-content\\\/uploads\\\/2026\\\/01\\\/img_6515.jpg\",\"panel_style\":\"card-default\",\"title\":\"Stella\"}},{\"type\":\"grid_item\",\"props\":{\"content\":\"\n\n<p><em>Dein Erfolg ist mein Antrieb.<\\\/em><\\\/p>\\n\n\n<ul>\\n\n\n<li>BSc Physiotherapie in Ausbildung (FH K\\u00e4rnten)<\\\/li>\\n\n\n<li>Fitnesstrainer B-Lizenz<\\\/li>\\n<\\\/ul>\",\"image\":\"wp-content\\\/uploads\\\/2026\\\/01\\\/matth-2i-scaled-1.jpg\",\"panel_style\":\"card-default\",\"title\":\"Matthi\"}}]}]}]}]}],\"version\":\"4.4.12\"} --><\/p>\n","protected":false},"excerpt":{"rendered":"<p>Lerne dein team kennen Unser Team begleitet dich mit Fachwissen, Erfahrung und pers\u00f6nlicher Betreuung auf deinem Weg zu mehr Gesundheit und Leistungsf\u00e4higkeit. Michi Inhaber Es gibt nichts Gutes, au\u00dfer man tut es.\u00a0 Physiotherapeut BA Gesundheitsmanagement medizinischer Heilmasseur Ausbildung der Osteopathie Lehrer f\u00fcr Fitness &amp; Rehabilitation Uschi Inhaberin Fit sein ist kein Ziel, sondern ein Lebensstil.\u00a0 [&hellip;]<\/p>\n","protected":false},"author":3,"featured_media":0,"parent":0,"menu_order":0,"comment_status":"closed","ping_status":"closed","template":"","meta":{"footnotes":""},"class_list":["post-1285","page","type-page","status-publish","hentry"],"_links":{"self":[{"href":"https:\/\/powerpoint.co.at\/index.php?rest_route=\/wp\/v2\/pages\/1285","targetHints":{"allow":["GET"]}}],"collection":[{"href":"https:\/\/powerpoint.co.at\/index.php?rest_route=\/wp\/v2\/pages"}],"about":[{"href":"https:\/\/powerpoint.co.at\/index.php?rest_route=\/wp\/v2\/types\/page"}],"author":[{"embeddable":true,"href":"https:\/\/powerpoint.co.at\/index.php?rest_route=\/wp\/v2\/users\/3"}],"replies":[{"embeddable":true,"href":"https:\/\/powerpoint.co.at\/index.php?rest_route=%2Fwp%2Fv2%2Fcomments&post=1285"}],"version-history":[{"count":8,"href":"https:\/\/powerpoint.co.at\/index.php?rest_route=\/wp\/v2\/pages\/1285\/revisions"}],"predecessor-version":[{"id":1500,"href":"https:\/\/powerpoint.co.at\/index.php?rest_route=\/wp\/v2\/pages\/1285\/revisions\/1500"}],"wp:attachment":[{"href":"https:\/\/powerpoint.co.at\/index.php?rest_route=%2Fwp%2Fv2%2Fmedia&parent=1285"}],"curies":[{"name":"wp","href":"https:\/\/api.w.org\/{rel}","templated":true}]}}